{"id":15,"date":"2019-12-17T11:34:23","date_gmt":"2019-12-17T10:34:23","guid":{"rendered":"http:\/\/o-gite.fr\/?page_id=15"},"modified":"2020-12-17T12:44:04","modified_gmt":"2020-12-17T11:44:04","slug":"a-propos-de","status":"publish","type":"page","link":"https:\/\/o-gite.fr\/?page_id=15","title":{"rendered":"Le site"},"content":{"rendered":"<p><a href=\"https:\/\/www.google.com\/maps\/place\/G%C3%AEte+Erquy+-+Pl%C3%A9neuf-Val-Andr%C3%A9+%22%C3%94+Gite+de+la+plage%22\/@48.6022954,-2.5043084,15z\/data=!4m5!3m4!1s0x0:0x1afd43b3a0cbdc1a!8m2!3d48.6022954!4d-2.5043084\">Le chalet est plac\u00e9<\/a> sur un terrain arbor\u00e9 dans le petit hameau de la Ville Berneuf au pied du sentier des douaniers (GR34). Cela vous r\u00e9serve de belles balades entre Erquy et Pl\u00e9neuf-Val-Andr\u00e9. Une balade en for\u00eat est aussi possible \u00e0 l&#8217;ombre de grands ch\u00eanes au bord d&#8217;un ruisseau \u00e0 0,5km.<\/p>\n<p>Un petit joyau pour les amoureux de la nature ou des sports de glisses: \u00e9cole de kitesurf, surf, char \u00e0 voile, planche \u00e0 voile, parapente et escalade.<\/p>\n","protected":false},"excerpt":{"rendered":"<p>Le chalet est plac\u00e9 sur un terrain arbor\u00e9 dans le petit hameau de la Ville Berneuf au pied du sentier des douaniers (GR34). Cela vous r\u00e9serve de belles balades entre Erquy et Pl\u00e9neuf-Val-Andr\u00e9. Une balade en for\u00eat est aussi possible \u00e0 l&#8217;ombre de grands ch\u00eanes au bord d&#8217;un ruisseau \u00e0 0,5km. Un petit joyau pour les amoureux de la nature ou des sports de glisses: \u00e9cole de kitesurf, surf, char \u00e0 voile, planche \u00e0 voile, parapente et escalade.<\/p>\n","protected":false},"author":1,"featured_media":99,"parent":0,"menu_order":0,"comment_status":"closed","ping_status":"closed","template":"","meta":[],"_links":{"self":[{"href":"https:\/\/o-gite.fr\/index.php?rest_route=\/wp\/v2\/pages\/15"}],"collection":[{"href":"https:\/\/o-gite.fr\/index.php?rest_route=\/wp\/v2\/pages"}],"about":[{"href":"https:\/\/o-gite.fr\/index.php?rest_route=\/wp\/v2\/types\/page"}],"author":[{"embeddable":true,"href":"https:\/\/o-gite.fr\/index.php?rest_route=\/wp\/v2\/users\/1"}],"replies":[{"embeddable":true,"href":"https:\/\/o-gite.fr\/index.php?rest_route=%2Fwp%2Fv2%2Fcomments&post=15"}],"version-history":[{"count":4,"href":"https:\/\/o-gite.fr\/index.php?rest_route=\/wp\/v2\/pages\/15\/revisions"}],"predecessor-version":[{"id":83,"href":"https:\/\/o-gite.fr\/index.php?rest_route=\/wp\/v2\/pages\/15\/revisions\/83"}],"wp:featuredmedia":[{"embeddable":true,"href":"https:\/\/o-gite.fr\/index.php?rest_route=\/wp\/v2\/media\/99"}],"wp:attachment":[{"href":"https:\/\/o-gite.fr\/index.php?rest_route=%2Fwp%2Fv2%2Fmedia&parent=15"}],"curies":[{"name":"wp","href":"https:\/\/api.w.org\/{rel}","templated":true}]}}