{"id":14,"date":"2019-12-17T11:34:23","date_gmt":"2019-12-17T10:34:23","guid":{"rendered":"http:\/\/o-gite.fr\/?page_id=14"},"modified":"2022-12-12T18:56:37","modified_gmt":"2022-12-12T17:56:37","slug":"accueil","status":"publish","type":"page","link":"https:\/\/o-gite.fr\/","title":{"rendered":"Le g\u00eete"},"content":{"rendered":"<p>Bienvenue sur <a href=\"https:\/\/ogitedelaplage.business.site\/\">\u00d4 gite de la plage<\/a>, chalet contemporain de 40m2, avec SPA privatif &#8220;jacuzzi&#8221; et Sauna. Le g\u00eete est \u00e0 300m de la plage de St Pabu entre Erquy et Pl\u00e9neuf-Val-Andr\u00e9. Vous trouverez tout le confort \u00e0 <a href=\"https:\/\/www.google.com\/maps\/uv?pb=!1s0x480e0c0d7aac6023%3A0x1afd43b3a0cbdc1a!3m1!7e131!5zR8OudGUgRXJxdXkgLSBQbMOpbmV1Zi1WYWwtQW5kcsOpICLDlCBHaXRlIGRlIGxhIHBsYWdlIg!15sCAQ&amp;hl=fr&amp;imagekey=!1e10!2sAF1QipP855Ntkb7rmSgDwnK7U7P4qx-LP-ZmnbM8QFRV\">l&#8217;int\u00e9rieur<\/a> dans une ambiance chaleureuse et nature.\u00a0<\/p>\n<p>&#8211; Un kayak rigide et un Stanp up paddle gonflable \u00e0 disposition<\/p>\n<p>&#8211; Combinaison n\u00e9opr\u00e8ne (sur demande)<\/p>\n<p>&#8211; Si l&#8217;envie de voler dans les airs vous tente, je vous emm\u00e8nerai faire un bapt\u00eame parapente. Le d\u00e9part est au pied du g\u00eete (selon conditions m\u00e9t\u00e9orologiques).<\/p>\n<p>&#8211; V\u00e9los \u00e0 assistance \u00e9lectrique avec GPS et randonn\u00e9es programm\u00e9es \u00a0(20\u20ac\/J)\u00a0<\/p>\n<p>&#8211; Balade en mer avec bateau semi rigide* (visite de l&#8217;\u00eelet du Verdelet ou Cap d&#8217;Erquy)<\/p>\n<p>\u00a0<\/p>\n\n\n<p><\/p>\n\n\n\n<figure class=\"wp-block-image size-full\"><img decoding=\"async\" loading=\"lazy\" width=\"828\" height=\"629\" src=\"http:\/\/o-gite.fr\/wp-content\/uploads\/2022\/12\/1C05E59E-3699-4F10-ADFF-38F4BB4745FB.jpeg\" alt=\"\" class=\"wp-image-136\" srcset=\"https:\/\/o-gite.fr\/wp-content\/uploads\/2022\/12\/1C05E59E-3699-4F10-ADFF-38F4BB4745FB.jpeg 828w, https:\/\/o-gite.fr\/wp-content\/uploads\/2022\/12\/1C05E59E-3699-4F10-ADFF-38F4BB4745FB-300x228.jpeg 300w, https:\/\/o-gite.fr\/wp-content\/uploads\/2022\/12\/1C05E59E-3699-4F10-ADFF-38F4BB4745FB-768x583.jpeg 768w\" sizes=\"(max-width: 828px) 100vw, 828px\" \/><\/figure>\n\n\n\n<p><\/p>\n\n\n\n<p><strong>Les ext\u00e9rieurs,<\/strong><\/p>\n\n\n\n<p>Vous disposerez d\u2019une place de parking avec un portail automatique. Le chalet est sur un terrain arbor\u00e9 de 400m2.<\/p>\n\n\n\n<p><\/p>\n\n\n\n<p><\/p>\n\n\n\n<figure class=\"wp-block-image size-full\"><img decoding=\"async\" loading=\"lazy\" width=\"828\" height=\"636\" src=\"http:\/\/o-gite.fr\/wp-content\/uploads\/2022\/12\/E93894D2-E53C-4F70-ACB5-E63A19DB5101.jpeg\" alt=\"\" class=\"wp-image-154\" srcset=\"https:\/\/o-gite.fr\/wp-content\/uploads\/2022\/12\/E93894D2-E53C-4F70-ACB5-E63A19DB5101.jpeg 828w, https:\/\/o-gite.fr\/wp-content\/uploads\/2022\/12\/E93894D2-E53C-4F70-ACB5-E63A19DB5101-300x230.jpeg 300w, https:\/\/o-gite.fr\/wp-content\/uploads\/2022\/12\/E93894D2-E53C-4F70-ACB5-E63A19DB5101-768x590.jpeg 768w\" sizes=\"(max-width: 828px) 100vw, 828px\" \/><\/figure>\n\n\n\n<p><\/p>\n\n\n\n<p class=\"has-text-align-center has-medium-font-size\"><strong>O GITE DE LA PLAGE<\/strong> 06 58 33 60 77<\/p>\n","protected":false},"excerpt":{"rendered":"<p>Bienvenue sur \u00d4 gite de la plage, chalet contemporain de 40m2, avec SPA privatif &#8220;jacuzzi&#8221; et Sauna. Le g\u00eete est \u00e0 300m de la plage de St Pabu entre Erquy et Pl\u00e9neuf-Val-Andr\u00e9. Vous trouverez tout le confort \u00e0 l&#8217;int\u00e9rieur dans une ambiance chaleureuse et nature.\u00a0 &#8211; Un kayak rigide et un Stanp up paddle gonflable \u00e0 disposition &#8211; Combinaison n\u00e9opr\u00e8ne (sur demande) &#8211; Si l&#8217;envie de voler dans les airs vous tente, je vous emm\u00e8nerai faire un bapt\u00eame parapente. Le d\u00e9part est au pied du g\u00eete (selon conditions m\u00e9t\u00e9orologiques). &#8211; V\u00e9los \u00e0 assistance \u00e9lectrique avec GPS et randonn\u00e9es programm\u00e9es \u00a0(20\u20ac\/J)\u00a0 &#8211; Balade en mer avec bateau semi rigide* (visite de l&#8217;\u00eelet du Verdelet ou Cap d&#8217;Erquy) \u00a0 Les ext\u00e9rieurs, Vous disposerez d\u2019une place de parking avec un portail automatique. Le chalet est sur un terrain arbor\u00e9 de 400m2. O GITE DE LA PLAGE 06 58 33 60 77<\/p>\n","protected":false},"author":1,"featured_media":135,"parent":0,"menu_order":0,"comment_status":"closed","ping_status":"closed","template":"","meta":[],"_links":{"self":[{"href":"https:\/\/o-gite.fr\/index.php?rest_route=\/wp\/v2\/pages\/14"}],"collection":[{"href":"https:\/\/o-gite.fr\/index.php?rest_route=\/wp\/v2\/pages"}],"about":[{"href":"https:\/\/o-gite.fr\/index.php?rest_route=\/wp\/v2\/types\/page"}],"author":[{"embeddable":true,"href":"https:\/\/o-gite.fr\/index.php?rest_route=\/wp\/v2\/users\/1"}],"replies":[{"embeddable":true,"href":"https:\/\/o-gite.fr\/index.php?rest_route=%2Fwp%2Fv2%2Fcomments&post=14"}],"version-history":[{"count":27,"href":"https:\/\/o-gite.fr\/index.php?rest_route=\/wp\/v2\/pages\/14\/revisions"}],"predecessor-version":[{"id":173,"href":"https:\/\/o-gite.fr\/index.php?rest_route=\/wp\/v2\/pages\/14\/revisions\/173"}],"wp:featuredmedia":[{"embeddable":true,"href":"https:\/\/o-gite.fr\/index.php?rest_route=\/wp\/v2\/media\/135"}],"wp:attachment":[{"href":"https:\/\/o-gite.fr\/index.php?rest_route=%2Fwp%2Fv2%2Fmedia&parent=14"}],"curies":[{"name":"wp","href":"https:\/\/api.w.org\/{rel}","templated":true}]}}